{"id":426,"date":"2025-03-28T16:20:09","date_gmt":"2025-03-28T15:20:09","guid":{"rendered":"https:\/\/khc.sk\/?page_id=426"},"modified":"2025-03-28T16:20:11","modified_gmt":"2025-03-28T15:20:11","slug":"registracia","status":"publish","type":"page","link":"https:\/\/khc.sk\/en\/registracia\/","title":{"rendered":"Registration"},"content":{"rendered":"","protected":false},"excerpt":{"rendered":"","protected":false},"author":1,"featured_media":0,"parent":0,"menu_order":0,"comment_status":"closed","ping_status":"closed","template":"","meta":{"_acf_changed":false,"footnotes":""},"class_list":["post-426","page","type-page","status-publish","hentry"],"acf":[],"yoast_head":"<!-- This site is optimized with the Yoast SEO Premium plugin v24.8 (Yoast SEO v27.4) - https:\/\/yoast.com\/product\/yoast-seo-premium-wordpress\/ -->\n<title>Registr\u00e1cia - Ko\u0161ice Handball Cup<\/title>\n<meta name=\"robots\" content=\"index, follow, max-snippet:-1, max-image-preview:large, max-video-preview:-1\" \/>\n<link rel=\"canonical\" href=\"https:\/\/khc.sk\/en\/registracia\/\" \/>\n<meta property=\"og:locale\" content=\"en_GB\" \/>\n<meta property=\"og:type\" content=\"article\" \/>\n<meta property=\"og:title\" content=\"Registr\u00e1cia\" \/>\n<meta property=\"og:url\" content=\"https:\/\/khc.sk\/en\/registracia\/\" \/>\n<meta property=\"og:site_name\" content=\"Ko\u0161ice Handball Cup\" \/>\n<meta property=\"article:modified_time\" content=\"2025-03-28T15:20:11+00:00\" \/>\n<meta name=\"twitter:card\" content=\"summary_large_image\" \/>\n<script type=\"application\/ld+json\" class=\"yoast-schema-graph\">{\"@context\":\"https:\\\/\\\/schema.org\",\"@graph\":[{\"@type\":\"WebPage\",\"@id\":\"https:\\\/\\\/khc.sk\\\/registracia\\\/\",\"url\":\"https:\\\/\\\/khc.sk\\\/registracia\\\/\",\"name\":\"Registr\u00e1cia - Ko\u0161ice Handball Cup\",\"isPartOf\":{\"@id\":\"https:\\\/\\\/www.khc.sk\\\/#website\"},\"datePublished\":\"2025-03-28T15:20:09+00:00\",\"dateModified\":\"2025-03-28T15:20:11+00:00\",\"breadcrumb\":{\"@id\":\"https:\\\/\\\/khc.sk\\\/registracia\\\/#breadcrumb\"},\"inLanguage\":\"en-GB\",\"potentialAction\":[{\"@type\":\"ReadAction\",\"target\":[\"https:\\\/\\\/khc.sk\\\/registracia\\\/\"]}]},{\"@type\":\"BreadcrumbList\",\"@id\":\"https:\\\/\\\/khc.sk\\\/registracia\\\/#breadcrumb\",\"itemListElement\":[{\"@type\":\"ListItem\",\"position\":1,\"name\":\"Home\",\"item\":\"https:\\\/\\\/www.khc.sk\\\/\"},{\"@type\":\"ListItem\",\"position\":2,\"name\":\"Registr\u00e1cia\"}]},{\"@type\":\"WebSite\",\"@id\":\"https:\\\/\\\/www.khc.sk\\\/#website\",\"url\":\"https:\\\/\\\/www.khc.sk\\\/\",\"name\":\"Ko\u0161ice Handball Cup\",\"description\":\"Medzin\u00e1rodn\u00fd turnaj v h\u00e1dzanej\",\"potentialAction\":[{\"@type\":\"SearchAction\",\"target\":{\"@type\":\"EntryPoint\",\"urlTemplate\":\"https:\\\/\\\/www.khc.sk\\\/?s={search_term_string}\"},\"query-input\":{\"@type\":\"PropertyValueSpecification\",\"valueRequired\":true,\"valueName\":\"search_term_string\"}}],\"inLanguage\":\"en-GB\"}]}<\/script>\n<!-- \/ Yoast SEO Premium plugin. -->","yoast_head_json":{"title":"Registr\u00e1cia - Ko\u0161ice Handball Cup","robots":{"index":"index","follow":"follow","max-snippet":"max-snippet:-1","max-image-preview":"max-image-preview:large","max-video-preview":"max-video-preview:-1"},"canonical":"https:\/\/khc.sk\/en\/registracia\/","og_locale":"en_GB","og_type":"article","og_title":"Registr\u00e1cia","og_url":"https:\/\/khc.sk\/en\/registracia\/","og_site_name":"Ko\u0161ice Handball Cup","article_modified_time":"2025-03-28T15:20:11+00:00","twitter_card":"summary_large_image","schema":{"@context":"https:\/\/schema.org","@graph":[{"@type":"WebPage","@id":"https:\/\/khc.sk\/registracia\/","url":"https:\/\/khc.sk\/registracia\/","name":"Registr\u00e1cia - Ko\u0161ice Handball Cup","isPartOf":{"@id":"https:\/\/www.khc.sk\/#website"},"datePublished":"2025-03-28T15:20:09+00:00","dateModified":"2025-03-28T15:20:11+00:00","breadcrumb":{"@id":"https:\/\/khc.sk\/registracia\/#breadcrumb"},"inLanguage":"en-GB","potentialAction":[{"@type":"ReadAction","target":["https:\/\/khc.sk\/registracia\/"]}]},{"@type":"BreadcrumbList","@id":"https:\/\/khc.sk\/registracia\/#breadcrumb","itemListElement":[{"@type":"ListItem","position":1,"name":"Home","item":"https:\/\/www.khc.sk\/"},{"@type":"ListItem","position":2,"name":"Registr\u00e1cia"}]},{"@type":"WebSite","@id":"https:\/\/www.khc.sk\/#website","url":"https:\/\/www.khc.sk\/","name":"Ko\u0161ice Handball Cup","description":"Medzin\u00e1rodn\u00fd turnaj v h\u00e1dzanej","potentialAction":[{"@type":"SearchAction","target":{"@type":"EntryPoint","urlTemplate":"https:\/\/www.khc.sk\/?s={search_term_string}"},"query-input":{"@type":"PropertyValueSpecification","valueRequired":true,"valueName":"search_term_string"}}],"inLanguage":"en-GB"}]}},"_links":{"self":[{"href":"https:\/\/khc.sk\/en\/wp-json\/wp\/v2\/pages\/426","targetHints":{"allow":["GET"]}}],"collection":[{"href":"https:\/\/khc.sk\/en\/wp-json\/wp\/v2\/pages"}],"about":[{"href":"https:\/\/khc.sk\/en\/wp-json\/wp\/v2\/types\/page"}],"author":[{"embeddable":true,"href":"https:\/\/khc.sk\/en\/wp-json\/wp\/v2\/users\/1"}],"replies":[{"embeddable":true,"href":"https:\/\/khc.sk\/en\/wp-json\/wp\/v2\/comments?post=426"}],"version-history":[{"count":1,"href":"https:\/\/khc.sk\/en\/wp-json\/wp\/v2\/pages\/426\/revisions"}],"predecessor-version":[{"id":427,"href":"https:\/\/khc.sk\/en\/wp-json\/wp\/v2\/pages\/426\/revisions\/427"}],"wp:attachment":[{"href":"https:\/\/khc.sk\/en\/wp-json\/wp\/v2\/media?parent=426"}],"curies":[{"name":"wp","href":"https:\/\/api.w.org\/{rel}","templated":true}]}}